{"id":15,"date":"2019-05-04T09:46:23","date_gmt":"2019-05-04T07:46:23","guid":{"rendered":"http:\/\/taille-de-pierre-lapelerie.fr\/?page_id=15"},"modified":"2019-05-04T10:24:39","modified_gmt":"2019-05-04T08:24:39","slug":"entreprise","status":"publish","type":"page","link":"https:\/\/taille-de-pierre-lapelerie.fr\/?page_id=15","title":{"rendered":"ENTREPRISE"},"content":{"rendered":"\n<p>C&rsquo;est sur les hauteurs de Lacoste, village du Luberon, qu&rsquo;est implant\u00e9e la soci\u00e9t\u00e9 TPL. Endroit magique o\u00f9 la pierre, mati\u00e8re brute, se transforme en tables, bancs, appuis de fen\u00eatres, chemin\u00e9es, plans de travail ou toute autre commande \u00e0 la demande du client.<\/p>\n\n\n\n<div class=\"wp-block-image\"><figure class=\"aligncenter is-resized\"><img loading=\"lazy\" src=\"http:\/\/taille-de-pierre-lapelerie.fr\/wp-content\/uploads\/2019\/05\/Photo-carriere.jpg\" alt=\"\" class=\"wp-image-39\" width=\"594\" height=\"400\" srcset=\"https:\/\/taille-de-pierre-lapelerie.fr\/wp-content\/uploads\/2019\/05\/Photo-carriere.jpg 957w, https:\/\/taille-de-pierre-lapelerie.fr\/wp-content\/uploads\/2019\/05\/Photo-carriere-300x202.jpg 300w, https:\/\/taille-de-pierre-lapelerie.fr\/wp-content\/uploads\/2019\/05\/Photo-carriere-768x518.jpg 768w, https:\/\/taille-de-pierre-lapelerie.fr\/wp-content\/uploads\/2019\/05\/Photo-carriere-830x559.jpg 830w, https:\/\/taille-de-pierre-lapelerie.fr\/wp-content\/uploads\/2019\/05\/Photo-carriere-230x155.jpg 230w, https:\/\/taille-de-pierre-lapelerie.fr\/wp-content\/uploads\/2019\/05\/Photo-carriere-350x236.jpg 350w, https:\/\/taille-de-pierre-lapelerie.fr\/wp-content\/uploads\/2019\/05\/Photo-carriere-480x324.jpg 480w\" sizes=\"(max-width: 594px) 100vw, 594px\" \/><\/figure><\/div>\n\n\n\n<p>Mais cette pierre ne se transforme pas seule : il faut la fa\u00e7onner, la travailler, la transformer et surtout il faut la main de l&rsquo;homme de l&rsquo;art et tout son savoir-faire. Une \u00e9quipe jeune et dynamique, qui a re\u00e7u en h\u00e9ritage la passion de la pierre, est la pour \u00e9couter et guider vos projets.<\/p>\n\n\n\n<figure class=\"wp-block-image alignwide\"><img loading=\"lazy\" width=\"1024\" height=\"685\" src=\"http:\/\/taille-de-pierre-lapelerie.fr\/wp-content\/uploads\/2019\/05\/Dallage-001-1024x685.jpg\" alt=\"\" class=\"wp-image-42\" srcset=\"https:\/\/taille-de-pierre-lapelerie.fr\/wp-content\/uploads\/2019\/05\/Dallage-001-1024x685.jpg 1024w, https:\/\/taille-de-pierre-lapelerie.fr\/wp-content\/uploads\/2019\/05\/Dallage-001-300x201.jpg 300w, https:\/\/taille-de-pierre-lapelerie.fr\/wp-content\/uploads\/2019\/05\/Dallage-001-768x514.jpg 768w, https:\/\/taille-de-pierre-lapelerie.fr\/wp-content\/uploads\/2019\/05\/Dallage-001-830x555.jpg 830w, https:\/\/taille-de-pierre-lapelerie.fr\/wp-content\/uploads\/2019\/05\/Dallage-001-230x154.jpg 230w, https:\/\/taille-de-pierre-lapelerie.fr\/wp-content\/uploads\/2019\/05\/Dallage-001-350x234.jpg 350w, https:\/\/taille-de-pierre-lapelerie.fr\/wp-content\/uploads\/2019\/05\/Dallage-001-480x321.jpg 480w, https:\/\/taille-de-pierre-lapelerie.fr\/wp-content\/uploads\/2019\/05\/Dallage-001.jpg 1771w\" sizes=\"(max-width: 1024px) 100vw, 1024px\" \/><\/figure>\n\n\n\n<p>Le savoir-faire s&rsquo;est transmis de p\u00e8re en fils et nous esp\u00e9rons ne pas trahir la noblesse du m\u00e9tier. Nous proposons un travail sur mesure, nous aiguillons les clients dans le choix appropri\u00e9 de la pierre : Estaillade, Bourgogne, Lens&#8230;<\/p>\n\n\n\n<p>Nous offrons un service de proximit\u00e9, des d\u00e9lais rapides et des prix comp\u00e9titifs. Nos devis sont gratuits pour l&rsquo;ensemble de vos projets<\/p>\n\n\n\n<figure class=\"wp-block-image alignwide\"><img loading=\"lazy\" width=\"683\" height=\"1024\" src=\"http:\/\/taille-de-pierre-lapelerie.fr\/wp-content\/uploads\/2019\/05\/IMG_0684-683x1024.jpg\" alt=\"\" class=\"wp-image-43\" srcset=\"https:\/\/taille-de-pierre-lapelerie.fr\/wp-content\/uploads\/2019\/05\/IMG_0684-683x1024.jpg 683w, https:\/\/taille-de-pierre-lapelerie.fr\/wp-content\/uploads\/2019\/05\/IMG_0684-200x300.jpg 200w, https:\/\/taille-de-pierre-lapelerie.fr\/wp-content\/uploads\/2019\/05\/IMG_0684-768x1152.jpg 768w, https:\/\/taille-de-pierre-lapelerie.fr\/wp-content\/uploads\/2019\/05\/IMG_0684-830x1245.jpg 830w, https:\/\/taille-de-pierre-lapelerie.fr\/wp-content\/uploads\/2019\/05\/IMG_0684-230x345.jpg 230w, https:\/\/taille-de-pierre-lapelerie.fr\/wp-content\/uploads\/2019\/05\/IMG_0684-350x525.jpg 350w, https:\/\/taille-de-pierre-lapelerie.fr\/wp-content\/uploads\/2019\/05\/IMG_0684-480x720.jpg 480w, https:\/\/taille-de-pierre-lapelerie.fr\/wp-content\/uploads\/2019\/05\/IMG_0684.jpg 912w\" sizes=\"(max-width: 683px) 100vw, 683px\" \/><\/figure>\n","protected":false},"excerpt":{"rendered":"<p>C&rsquo;est sur les hauteurs de Lacoste, village du Luberon, qu&rsquo;est implant\u00e9e la soci\u00e9t\u00e9 TPL. Endroit magique o\u00f9 la pierre, mati\u00e8re brute, se transforme en tables, bancs, appuis de fen\u00eatres, chemin\u00e9es, plans de travail ou toute autre commande \u00e0 la demande du client. Mais cette pierre ne se transforme pas seule : il faut la fa\u00e7onner, [&hellip;]<\/p>\n","protected":false},"author":1,"featured_media":0,"parent":0,"menu_order":0,"comment_status":"closed","ping_status":"closed","template":"","meta":[],"_links":{"self":[{"href":"https:\/\/taille-de-pierre-lapelerie.fr\/index.php?rest_route=\/wp\/v2\/pages\/15"}],"collection":[{"href":"https:\/\/taille-de-pierre-lapelerie.fr\/index.php?rest_route=\/wp\/v2\/pages"}],"about":[{"href":"https:\/\/taille-de-pierre-lapelerie.fr\/index.php?rest_route=\/wp\/v2\/types\/page"}],"author":[{"embeddable":true,"href":"https:\/\/taille-de-pierre-lapelerie.fr\/index.php?rest_route=\/wp\/v2\/users\/1"}],"replies":[{"embeddable":true,"href":"https:\/\/taille-de-pierre-lapelerie.fr\/index.php?rest_route=%2Fwp%2Fv2%2Fcomments&post=15"}],"version-history":[{"count":3,"href":"https:\/\/taille-de-pierre-lapelerie.fr\/index.php?rest_route=\/wp\/v2\/pages\/15\/revisions"}],"predecessor-version":[{"id":206,"href":"https:\/\/taille-de-pierre-lapelerie.fr\/index.php?rest_route=\/wp\/v2\/pages\/15\/revisions\/206"}],"wp:attachment":[{"href":"https:\/\/taille-de-pierre-lapelerie.fr\/index.php?rest_route=%2Fwp%2Fv2%2Fmedia&parent=15"}],"curies":[{"name":"wp","href":"https:\/\/api.w.org\/{rel}","templated":true}]}}